{"id":32,"date":"2025-07-18T11:20:00","date_gmt":"2025-07-18T11:20:00","guid":{"rendered":"https:\/\/crokinole.pl\/?page_id=32"},"modified":"2025-07-18T11:40:40","modified_gmt":"2025-07-18T11:40:40","slug":"zasady-dla-wielu-graczy","status":"publish","type":"page","link":"https:\/\/crokinole.pl\/index.php\/zasady\/zasady-dla-wielu-graczy\/","title":{"rendered":"Zasady dla wi\u0119cej ni\u017c dw\u00f3ch graczy"},"content":{"rendered":"\n<p>Mo\u017cliwe jest zagranie w Crokinole w wi\u0119cej ni\u017c dwie osoby poprzez zmodyfikowanie og\u00f3lnych zasad.<\/p>\n\n\n\n<div style=\"height:100px\" aria-hidden=\"true\" class=\"wp-block-spacer\"><\/div>\n\n\n\n<h3 class=\"wp-block-heading\">Wariant dla czterech os\u00f3b<\/h3>\n\n\n\n<p>To kooperacyjna wersja gry gdzie czterech graczy \u0142\u0105czy si\u0142y i rywalizuj\u0105 ze sob\u0105 w dw\u00f3ch zespo\u0142ach. Wykorzystuje si\u0119 wszystkie cztery linie startowe a dwaj gracze z tego samego zespo\u0142u siedz\u0105 naprzeciwko siebie. Ka\u017cda osoba dostaje 6 dysk\u00f3w a rozgrywka wygl\u0105da bardzo podobnie jak w klasycznym wariancie dwuosobowym \u0142\u0105cznie z punktacj\u0105.<\/p>\n\n\n\n<h3 class=\"wp-block-heading\">Wariant dla trzech os\u00f3b<\/h3>\n\n\n\n<p>To wariant w kt\u00f3rym potrzeba jeszcze jednego zestawu dysk\u00f3w w trzecim kolorze. Wykorzystuje si\u0119 trzy linie startowe, miejsca do siedzenia mo\u017cna wybra\u0107 poprzez osobne losowanie. Ka\u017cdy z graczy gra sam i rywalizuje z pozosta\u0142ymi.<\/p>\n","protected":false},"excerpt":{"rendered":"<p>Mo\u017cliwe jest zagranie w Crokinole w wi\u0119cej ni\u017c dwie osoby poprzez zmodyfikowanie og\u00f3lnych zasad. Wariant dla czterech os\u00f3b To kooperacyjna wersja gry gdzie czterech graczy \u0142\u0105czy si\u0142y i rywalizuj\u0105 ze sob\u0105 w dw\u00f3ch zespo\u0142ach. Wykorzystuje si\u0119 wszystkie cztery linie startowe a dwaj gracze z tego samego zespo\u0142u siedz\u0105 naprzeciwko siebie. Ka\u017cda osoba dostaje 6 dysk\u00f3w [&hellip;]<\/p>\n","protected":false},"author":1,"featured_media":0,"parent":12,"menu_order":0,"comment_status":"closed","ping_status":"closed","template":"","meta":{"footnotes":""},"class_list":["post-32","page","type-page","status-publish","hentry"],"_links":{"self":[{"href":"https:\/\/crokinole.pl\/index.php\/wp-json\/wp\/v2\/pages\/32","targetHints":{"allow":["GET"]}}],"collection":[{"href":"https:\/\/crokinole.pl\/index.php\/wp-json\/wp\/v2\/pages"}],"about":[{"href":"https:\/\/crokinole.pl\/index.php\/wp-json\/wp\/v2\/types\/page"}],"author":[{"embeddable":true,"href":"https:\/\/crokinole.pl\/index.php\/wp-json\/wp\/v2\/users\/1"}],"replies":[{"embeddable":true,"href":"https:\/\/crokinole.pl\/index.php\/wp-json\/wp\/v2\/comments?post=32"}],"version-history":[{"count":2,"href":"https:\/\/crokinole.pl\/index.php\/wp-json\/wp\/v2\/pages\/32\/revisions"}],"predecessor-version":[{"id":38,"href":"https:\/\/crokinole.pl\/index.php\/wp-json\/wp\/v2\/pages\/32\/revisions\/38"}],"up":[{"embeddable":true,"href":"https:\/\/crokinole.pl\/index.php\/wp-json\/wp\/v2\/pages\/12"}],"wp:attachment":[{"href":"https:\/\/crokinole.pl\/index.php\/wp-json\/wp\/v2\/media?parent=32"}],"curies":[{"name":"wp","href":"https:\/\/api.w.org\/{rel}","templated":true}]}}